{"id":11,"date":"2010-12-12T15:32:27","date_gmt":"2010-12-12T15:32:27","guid":{"rendered":"http:\/\/graphweather.nekojii.com\/wordpress\/?page_id=11"},"modified":"2019-08-28T01:42:15","modified_gmt":"2019-08-28T01:42:15","slug":"presentation-du-projet","status":"publish","type":"page","link":"https:\/\/graphweather.protosigma.com\/wordpress\/?page_id=11","title":{"rendered":"Pr\u00e9sentation du projet"},"content":{"rendered":"<p>GraphWeather est un programme GRATUIT permettant de traiter des donn\u00e9es m\u00e9t\u00e9o\u00a0 g\u00e9n\u00e9r\u00e9es par les stations m\u00e9t\u00e9o amateur.<br \/>\nLa version actuelle supporte les stations WS2300, WS2500, WS3600, WS7001, Vantage Pro, ainsi  que toutes les stations support\u00e9es par WSWin32.<br \/>\nDeux plugins sp\u00e9ciaux permettent de lire des donn\u00e9es aux formats CSV (fichier texte) ainsi qu&rsquo;aux formats compatibles ODBC (avec support DSN).<br \/>\nLa collecte de donn\u00e9es se fait en utilisant un syst\u00e8me de plugins: le plugin principal est d\u00e9di\u00e9 \u00e0 la station m\u00e9t\u00e9o tandis que les plugins optionnels sont d\u00e9di\u00e9s aux syst\u00e8mes tiers.<\/p>\n<p style=\"text-align: center;\"><a href=\"http:\/\/graphweather.nekojii.com\/wordpress\/wp-content\/uploads\/2010\/12\/double_gauge.png\"><img loading=\"lazy\" decoding=\"async\" class=\"alignnone size-full wp-image-8\" title=\"double_gauge\" src=\"http:\/\/graphweather.nekojii.com\/wordpress\/wp-content\/uploads\/2010\/12\/double_gauge.png\" alt=\"\" width=\"300\" height=\"300\" srcset=\"https:\/\/graphweather.protosigma.com\/wordpress\/wp-content\/uploads\/2010\/12\/double_gauge.png 300w, https:\/\/graphweather.protosigma.com\/wordpress\/wp-content\/uploads\/2010\/12\/double_gauge-150x150.png 150w\" sizes=\"auto, (max-width: 300px) 100vw, 300px\" \/><\/a><\/p>\n<p>Fonctionnalit\u00e9s :<\/p>\n<p>Graphiques personnalisables : chaque graphique est d\u00e9fini par une  feuille XML et est totalement personnalisable. Il est possible de d\u00e9finir marges, titres, fonts, nombres d&rsquo;axes, donn\u00e9s \u00e0 afficher,  textures, etc.<br \/>\nNavigation par onglets : pour g\u00e9rer facilement plusieurs graphiques sur plusieurs p\u00e9riodes.<br \/>\nFonction transfert FTP :  pour transf\u00e9rer vos graphiques, donn\u00e9es, statistiques \u00e0 intervalle r\u00e9gulier sur votre serveur Web.<br \/>\nFonction serveur HTTP :  pour commander la g\u00e9n\u00e9ration de graphiques, donn\u00e9es, statistiques \u00e0 la vol\u00e9e.<br \/>\nGestion de templates: permet d&rsquo;envoyer directement sur votre site Web  des pages HTML\/PHP qui auront \u00e9t\u00e9 pr\u00e9-trait\u00e9es par GraphWeather.<br \/>\nSyst\u00e8me temps r\u00e9el :  permettant le transfert par FTP (ou requ\u00eates HTTP) l&rsquo;\u00e9tat de la station.<br \/>\nG\u00e9n\u00e9ration d&rsquo;\u00e9ph\u00e9m\u00e9rides: heure de lever, transit, coucher du soleil ou de la lune du jour courant.<br \/>\nPossibilit\u00e9 d&rsquo;int\u00e9gration d&rsquo;images webcam : images webcam&#8230;ou tout autre image provenant du net.<br \/>\nJauges anim\u00e9es en flash : il est possible d&rsquo;obtenir la m\u00e9t\u00e9o en \u00ab\u00a0temps r\u00e9el\u00a0\u00bb sur votre site web.<br \/>\nUtilisation de DirectX 9 :  pour des graphiques d&rsquo;excellente qualit\u00e9.<\/p>\n<p><a href=\"http:\/\/graphweather.nekojii.com\/wordpress\/wp-content\/uploads\/2010\/12\/sc1.jpg\"><img loading=\"lazy\" decoding=\"async\" class=\"alignnone size-medium wp-image-46\" title=\"sc1\" src=\"http:\/\/graphweather.nekojii.com\/wordpress\/wp-content\/uploads\/2010\/12\/sc1-300x224.jpg\" alt=\"\" width=\"300\" height=\"224\" srcset=\"https:\/\/graphweather.protosigma.com\/wordpress\/wp-content\/uploads\/2010\/12\/sc1-300x224.jpg 300w, https:\/\/graphweather.protosigma.com\/wordpress\/wp-content\/uploads\/2010\/12\/sc1.jpg 949w\" sizes=\"auto, (max-width: 300px) 100vw, 300px\" \/><\/a><\/p>\n<p><a href=\"http:\/\/graphweather.nekojii.com\/wordpress\/wp-content\/uploads\/2010\/12\/sc2.jpg\"><img loading=\"lazy\" decoding=\"async\" class=\"alignnone size-medium wp-image-47\" title=\"sc2\" src=\"http:\/\/graphweather.nekojii.com\/wordpress\/wp-content\/uploads\/2010\/12\/sc2-292x300.jpg\" alt=\"\" width=\"292\" height=\"300\" srcset=\"https:\/\/graphweather.protosigma.com\/wordpress\/wp-content\/uploads\/2010\/12\/sc2-292x300.jpg 292w, https:\/\/graphweather.protosigma.com\/wordpress\/wp-content\/uploads\/2010\/12\/sc2.jpg 715w\" sizes=\"auto, (max-width: 292px) 100vw, 292px\" \/><\/a><a href=\"http:\/\/www.aguilmard.com\/wordpress\/wp-content\/uploads\/2010\/12\/sc3.jpg\"><\/a><\/p>\n<p><a href=\"http:\/\/graphweather.nekojii.com\/wordpress\/wp-content\/uploads\/2010\/12\/sc3.jpg\"><img loading=\"lazy\" decoding=\"async\" class=\"alignnone size-medium wp-image-48\" title=\"sc3\" src=\"http:\/\/graphweather.nekojii.com\/wordpress\/wp-content\/uploads\/2010\/12\/sc3-294x300.jpg\" alt=\"\" width=\"294\" height=\"300\" srcset=\"https:\/\/graphweather.protosigma.com\/wordpress\/wp-content\/uploads\/2010\/12\/sc3-294x300.jpg 294w, https:\/\/graphweather.protosigma.com\/wordpress\/wp-content\/uploads\/2010\/12\/sc3.jpg 500w\" sizes=\"auto, (max-width: 294px) 100vw, 294px\" \/><\/a><\/p>\n<p><a href=\"http:\/\/graphweather.nekojii.com\/wordpress\/wp-content\/uploads\/2010\/12\/sc6.jpg\"><img loading=\"lazy\" decoding=\"async\" class=\"alignnone size-medium wp-image-49\" title=\"sc6\" src=\"http:\/\/graphweather.nekojii.com\/wordpress\/wp-content\/uploads\/2010\/12\/sc6-300x238.jpg\" alt=\"\" width=\"300\" height=\"238\" srcset=\"https:\/\/graphweather.protosigma.com\/wordpress\/wp-content\/uploads\/2010\/12\/sc6-300x238.jpg 300w, https:\/\/graphweather.protosigma.com\/wordpress\/wp-content\/uploads\/2010\/12\/sc6.jpg 406w\" sizes=\"auto, (max-width: 300px) 100vw, 300px\" \/><\/a><\/p>\n","protected":false},"excerpt":{"rendered":"<p>GraphWeather est un programme GRATUIT permettant de traiter des donn\u00e9es m\u00e9t\u00e9o\u00a0 g\u00e9n\u00e9r\u00e9es par les stations m\u00e9t\u00e9o amateur. La version actuelle supporte les stations WS2300, WS2500, WS3600, WS7001, Vantage Pro, ainsi que toutes les stations support\u00e9es par WSWin32. Deux plugins sp\u00e9ciaux &hellip; <a href=\"https:\/\/graphweather.protosigma.com\/wordpress\/?page_id=11\">Continuer la lecture <span class=\"meta-nav\">&rarr;<\/span><\/a><\/p>\n","protected":false},"author":1,"featured_media":0,"parent":0,"menu_order":0,"comment_status":"open","ping_status":"open","template":"","meta":{"footnotes":""},"class_list":["post-11","page","type-page","status-publish","hentry"],"_links":{"self":[{"href":"https:\/\/graphweather.protosigma.com\/wordpress\/index.php?rest_route=\/wp\/v2\/pages\/11","targetHints":{"allow":["GET"]}}],"collection":[{"href":"https:\/\/graphweather.protosigma.com\/wordpress\/index.php?rest_route=\/wp\/v2\/pages"}],"about":[{"href":"https:\/\/graphweather.protosigma.com\/wordpress\/index.php?rest_route=\/wp\/v2\/types\/page"}],"author":[{"embeddable":true,"href":"https:\/\/graphweather.protosigma.com\/wordpress\/index.php?rest_route=\/wp\/v2\/users\/1"}],"replies":[{"embeddable":true,"href":"https:\/\/graphweather.protosigma.com\/wordpress\/index.php?rest_route=%2Fwp%2Fv2%2Fcomments&post=11"}],"version-history":[{"count":9,"href":"https:\/\/graphweather.protosigma.com\/wordpress\/index.php?rest_route=\/wp\/v2\/pages\/11\/revisions"}],"predecessor-version":[{"id":305,"href":"https:\/\/graphweather.protosigma.com\/wordpress\/index.php?rest_route=\/wp\/v2\/pages\/11\/revisions\/305"}],"wp:attachment":[{"href":"https:\/\/graphweather.protosigma.com\/wordpress\/index.php?rest_route=%2Fwp%2Fv2%2Fmedia&parent=11"}],"curies":[{"name":"wp","href":"https:\/\/api.w.org\/{rel}","templated":true}]}}